{"id":3,"date":"2023-05-03T01:24:49","date_gmt":"2023-05-03T04:24:49","guid":{"rendered":"https:\/\/www.grupovalue.com.br\/?page_id=3"},"modified":"2025-08-11T18:24:51","modified_gmt":"2025-08-11T21:24:51","slug":"politica-de-privacidade","status":"publish","type":"page","link":"https:\/\/grupovalue.com.br\/en\/politica-de-privacidade\/","title":{"rendered":"Privacy Policy"},"content":{"rendered":"<div data-elementor-type=\"wp-page\" data-elementor-id=\"3\" class=\"elementor elementor-3\" data-elementor-post-type=\"page\">\n\t\t\t\t<div class=\"elementor-element elementor-element-f9354d8 e-flex e-con-boxed e-con e-parent\" data-id=\"f9354d8\" data-element_type=\"container\">\n\t\t\t\t\t<div class=\"e-con-inner\">\n\t\t\t\t<div class=\"elementor-element elementor-element-d837148 elementor-widget elementor-widget-text-editor\" data-id=\"d837148\" data-element_type=\"widget\" data-widget_type=\"text-editor.default\">\n\t\t\t\t<div class=\"elementor-widget-container\">\n\t\t\t\t\t\t\t\t\t<h2>Privacy Policy \u2013 Value Group<\/h2>\n<p>Grupo Value, a private legal entity, takes your privacy seriously and is committed to the security and protection of data for all its customers, partners, suppliers, and users of the domain website and any other website, store, or application operated by the merchant.<\/p>\n<p>This Privacy Policy is intended to inform you about how we use and disclose information collected from your visits to our store and from messages we exchange with you.<\/p>\n<p>This Privacy Policy applies only to information collected through the store.<\/p>\n<p><strong>By accessing the store, sending communications, or providing any type of personal data, you declare that you are aware of the terms set forth herein and agree to the Privacy Policy, which describes the purposes and methods of processing your personal data that you provide in the store.<\/strong><\/p>\n<p>This Privacy Policy provides an overview of our privacy practices and the choices you can make, as well as the rights you can exercise regarding Personal Data processed by us. If you have any questions about the use of Personal Data, please contact FALECONOSCO@GRUPOVALUE.COM.BR.\u00a0<\/p>\n<p>Furthermore, this Privacy Policy does not apply to any third-party applications, products, services, websites, or social media features that may be offered or accessed through the store. Accessing these links will take you away from our website and may result in the collection or sharing of information about you by third parties. We do not control, endorse, or make any representations about third-party websites or their privacy practices, which may differ from ours. We recommend that you review the privacy policy of any website you interact with before allowing the collection and use of your Personal Data.<\/p>\n<p>If you send us Personal Data relating to other individuals, you declare that you have the capacity to do so and that you have obtained the necessary consent to authorize the use of such information under the terms of this Privacy Policy.<\/p>\n<h3>Section 1 \u2013 Definitions<\/h3>\n<p>For the purposes of this Privacy Policy:<\/p>\n<ol>\n<li>&#8220;<strong>Personal Data<\/strong>&quot;: means any information that, directly or indirectly, identifies or may identify a natural person, such as name, CPF (Brazilian tax identification number), date of birth, IP address, among others;<\/li>\n<li>&#8220;<strong>Sensitive Personal Data<\/strong>&quot;: means any information that reveals, in relation to a natural person, racial or ethnic origin, religious beliefs, political opinions, membership of a trade union or religious, philosophical or political organization, data concerning health or sex life, genetic or biometric data;<\/li>\n<li>&#8220;<strong>Personal Data Processing<\/strong>&quot;: means any operation performed on Personal Data, whether by automated means or not, such as collection, recording, organization, structuring, storage, adaptation or alteration, retrieval, consultation, use, disclosure by transmission, dissemination or otherwise making available, alignment or combination, restriction, erasure or destruction. Any other operation provided for under applicable legislation is also considered Personal Data Processing.&quot;<\/li>\n<li>&#8220;<strong>Data Protection Laws<\/strong>&quot;: means all legal provisions that regulate the Processing of Personal Data, including, but not limited to, Law No. 13.709\/18, the General Law on the Protection of Personal Data&quot;<strong>LGPD<\/strong>&#8220;).<\/li>\n<\/ol>\n<h3>Section 2 \u2013 Use of Personal Data<\/h3>\n<p>We collect and use Personal Data to manage your relationship with us and better serve you when you are purchasing products and\/or services in the store, personalizing and improving your experience. Examples of how we use the data include:<\/p>\n<ol>\n<li>To enable you to purchase products and\/or services in the store;<\/li>\n<li>To confirm or correct the information we have about you;<\/li>\n<li>To send you information that we believe may be of interest to you;<\/li>\n<li>To personalize your experience using the store;<\/li>\n<li>To contact you via a phone number and\/or email address you have provided. We may contact you personally, by voice message, through automatic dialing equipment, by text message (SMS), by email, or by any other means of communication that your device is capable of receiving, in accordance with the law and for reasonable business purposes.<\/li>\n<\/ol>\n<p>Furthermore, the Personal Data provided may also be used in any way we deem necessary or appropriate:\u00a0<strong>(the)<\/strong>\u00a0in accordance with Data Protection Laws;\u00a0<strong>(b)<\/strong>\u00a0to meet the requirements of a judicial process;\u00a0<strong>(w)<\/strong>\u00a0to comply with a court order, regulatory decision, or decision of competent authorities, including authorities outside the country of residence;\u00a0<strong>(d)<\/strong>\u00a0to apply our Terms and Conditions of Use;\u00a0<strong>(and)<\/strong>\u00a0to protect our operations;\u00a0<strong>(f)<\/strong>\u00a0to protect our rights, privacy, and security, as well as those of others;\u00a0<strong>(g)<\/strong>\u00a0to detect and prevent fraud;\u00a0<strong>(h)<\/strong>\u00a0to allow us to use available remedies or limit damages we may suffer; and (i) in other ways permitted by law.<\/p>\n<h3>Section 3 \u2013 Non-provision of Personal Data<\/h3>\n<p>There is no obligation to share the Personal Data we request. However, if you choose not to share it, in some cases we may not be able to provide you with full access to the store, certain specialized features, or provide the necessary assistance, or even deliver the product or provide the service you have contracted.<\/p>\n<h3>Section 4 \u2013 Data collected<\/h3>\n<p>The general public can browse the store without needing to register or submit any Personal Data. However, some of the store&#039;s functionalities may depend on registration and the submission of Personal Data, such as completing the purchase\/contracting of the service and\/or enabling the delivery of the product\/provision of the service by us.<\/p>\n<p>When contacting the store, we can collect:<\/p>\n<ol>\n<li><strong>Contact information:<\/strong>\u00a0First name, last name, phone number, address, city, state, and email address;<\/li>\n<li><strong>Information sent:<\/strong>\u00a0Information you submit via the form (questions, complaints, suggestions, criticisms, compliments, etc.).<\/li>\n<\/ol>\n<p>During general browsing on the store, we may collect:<\/p>\n<ol>\n<li><strong>Location data:<\/strong>\u00a0Geolocation data when you access the store;<\/li>\n<li><strong>Preferences:<\/strong>\u00a0Information about your preferences and interests regarding products\/services (when you tell us what they are or when we deduce them from what we know about you);<\/li>\n<li><strong>Store navigation data:<\/strong>\u00a0Information about your visits and activities, including the content (and any advertisements) you view and interact with, information about the browser and device you are using, your IP address, your location, and the website address from which you arrived. Some of this information is collected using our Automatic Data Collection Tools, which include cookies, web beacons, and embedded web links. To learn more, read how we use Automatic Data Collection Tools in section 7 below;<\/li>\n<li><strong>Anonymous or aggregated data:<\/strong>\u00a0Anonymous responses to surveys or anonymous and aggregated information about how the store is used. During our operations, in certain cases, we apply a de-identification or pseudonymization process to your data so that it is reasonably unlikely that you could be identified through the use of this data with available technology;<\/li>\n<li><strong>Other information we may collect:<\/strong>\u00a0Information that does not specifically reveal your identity or that is not directly related to an individual, such as browser and device information; Store usage data; and information collected through cookies, pixel tags, and other technologies.<\/li>\n<\/ol>\n<p>We do not collect Sensitive Personal Data.<\/p>\n<h3>Section 5 \u2013 Sharing Personal Data with Third Parties<\/h3>\n<p>We may share your Personal Data with you:<\/p>\n<ol>\n<li>With the partner company(ies) you select or choose to send your data, questions, queries, etc., as well as with service providers or partners to manage or support certain aspects of our business operations on our behalf. These service providers or partners may be located in the United States, Argentina, Brazil, or other global locations, including servers for testing and production, and providers of hosting and data storage services, fraud management, customer support, sales on our behalf, order fulfillment, content personalization, advertising and marketing activities (including digital and personalized advertising), and IT services, for example;<\/li>\n<li>With third parties, with the goal of helping us manage the store;<\/li>\n<li>With third parties, in the event of any reorganization, merger, sale, joint venture, assignment, transfer or transmission of all or part of our business, assets or capital (including those relating to bankruptcy or similar proceedings).<\/li>\n<\/ol>\n<h3>Section 6 \u2013 International data transfers<\/h3>\n<p>Personal data and other information collected by us may be transferred to or accessed by entities belonging to the corporate group of partner companies worldwide in accordance with this Privacy Policy.<\/p>\n<h3>Section 7 \u2013 Automatic Collection of Personal Data<\/h3>\n<p>When you visit the store, it may store or retrieve information on your browser, mostly in the form of cookies, which are text files containing small amounts of information. This information might be about you, your preferences, or your device and is mostly used to make the store work as you expect it to. The information does not usually directly identify you, but it can give you a more personalized online experience.<\/p>\n<p>According to this Privacy Policy, we and our third-party service providers, with your consent, may collect your Personal Data in various ways, including but not limited to:<\/p>\n<ol>\n<li><strong>Through the browser or device:<\/strong>\u00a0Some information is collected by most browsers or automatically through internet access devices, such as computer type, screen resolution, operating system name and version, device model and manufacturer, language, and type and version of the internet browser you are using. We may use this information to ensure that the store functions properly.<\/li>\n<li><strong>Use of cookies:<\/strong>\u00a0Information about your use of the store may be collected by third parties through cookies. Cookies are information stored directly on the computer you are using. Cookies allow the collection of information such as browser type, time spent in the store, pages visited, language preferences, and other anonymous traffic data. We and our service providers use this information for security protection, to facilitate navigation, display information more efficiently, and personalize your experience when using the store, as well as for online tracking. We also collect statistical information about the use of the store for continuous improvement of our design and functionality, to understand how the store is used, and to help you resolve issues related to the store.\n<p>If you do not wish your information to be collected through cookies, most browsers have a simple procedure that allows you to automatically reject cookies, or offer the option to accept or reject the transfer of a specific cookie (or cookies) from a particular website to your computer. However, this may cause inconvenience when using the store.<\/p>\n<p>The settings you choose may affect your browsing experience and the functionality that requires the use of cookies. In this regard, we reject any responsibility for the consequences resulting from the limited functioning of the store caused by disabling cookies on your device (inability to set or read a cookie).<\/p>\n<\/li>\n<li><strong>Use of pixel tags and other similar technologies:<\/strong>\u00a0Pixel tags (also known as web beacons and invisible GIFs) may be used to track the actions of store users (including email recipients), measure the success of our marketing campaigns, and collect statistical data on store usage and response rates, as well as for other unspecified purposes. We may engage behavioral advertising companies to obtain reports on store advertisements across the internet. To do this, these companies use cookies, pixel tags, and other technologies to collect information about your use, or the use, of our store and third-party websites by other users. We are not responsible for pixel tags, cookies, and other similar technologies used by third parties.<\/li>\n<\/ol>\n<h3>Section 8 \u2013 Cookie Categories<\/h3>\n<p>The cookies used in our store comply with legal requirements and fall into the following categories:<\/p>\n<ol>\n<li><strong>Strictly necessary:<\/strong>\u00a0These cookies allow you to browse the website and enjoy essential features securely. An example is security cookies, which authenticate users, protect their data, and prevent the creation of fraudulent logins.<\/li>\n<li><strong>Performance:<\/strong>\u00a0The cookies in this category collect information in an encrypted and anonymous way related to our online store, such as the number of visitors to a specific page, the origin of visits to the site, and which pages the user accessed. All data collected is used only for possible improvements to the site and to measure the effectiveness of our communication.<\/li>\n<li><strong>Functionality:<\/strong>\u00a0These cookies are used to remember user preference settings in order to improve your visit to our website, such as settings applied to the website layout or your responses to promotional and registration pop-ups; this way, it will not be necessary to ask you numerous times.<\/li>\n<li><strong>Advertising:<\/strong>\u00a0We use cookies to create targeted campaigns and deliver ads based on your shopping profile in our online store.<\/li>\n<\/ol>\n<h3>Section 9 \u2013 User Rights<\/h3>\n<p>You can request this at any time:\u00a0<strong>(i)<\/strong>\u00a0Confirmation that your Personal Data is being processed;\u00a0<strong>(ii)<\/strong>\u00a0Access to your Personal Data;\u00a0<strong>(iii)<\/strong>\u00a0corrections to incomplete, inaccurate or outdated data; (iv) anonymization, blocking or deletion of unnecessary, excessive or unlawfully processed data;\u00a0<strong>(v)<\/strong>\u00a0Portability of Personal Data to another service provider, provided that this does not affect our industrial and commercial secrets;\u00a0<strong>(vi)<\/strong>\u00a0Deletion of Personal Data processed with your consent, to the extent permitted by law;\u00a0<strong>(vii)<\/strong>\u00a0Information about the entities with which your Personal Data has been shared;\u00a0<strong>(viii)<\/strong>\u00a0information about the possibility of not providing consent and about the consequences of refusal; and\u00a0<strong>(ix)<\/strong>\u00a0Revocation of consent. Your requests will be handled with special care so that we can ensure the effectiveness of your rights. You may be asked to prove your identity to ensure that Personal Data is only shared with its owner.<\/p>\n<p>Please bear in mind that in certain cases (for example, due to legal requirements), your request may not be immediately fulfilled, and we may also be unable to fulfill it due to legal obligations.<\/p>\n<h3>Section 10 \u2013 Security of Personal Data<\/h3>\n<p>We strive to adopt the technical and organizational measures stipulated by the appropriate Data Protection Laws to protect Personal Data within our organization. Unfortunately, no data transmission or storage system can be guaranteed to be 100% secure. If you have reason to believe that your interaction with us has become insecure (for example, if you believe that the security of any of your accounts has been compromised), please notify us immediately.<\/p>\n<h3>Section 11 \u2013 Hypertext links to other websites and social networks<\/h3>\n<p>The Store may, from time to time, contain hypertext links that will redirect you to websites belonging to our partners, advertisers, suppliers, etc. If you click on one of these links to any of these websites, please remember that each website has its own privacy practices and we are not responsible for those policies. Consult those policies before submitting any Personal Data to those websites.<\/p>\n<p>We are not responsible for the data collection, use, and disclosure policies and practices (including data protection practices) of other organizations, such as Facebook, Apple, Google, Microsoft, or any other software developer or application provider, social media store, operating system, wireless internet service provider, or device manufacturer, including all Personal Data that you disclose to other organizations through applications, related to such applications, or published on our social media pages. We recommend that you review the privacy policy of each website you visit or each service provider you use.<\/p>\n<h3>Section 12 \u2013 Updates to this Privacy Policy<\/h3>\n<p>If we modify our Privacy Policy, we will post the new text on the store, with the updated revision date. We may change this Privacy Policy at any time. If there is a significant change to the terms of this Privacy Policy, we may inform you through the contact information we have in our database or through a notification on our store.<\/p>\n<p>We remind you that we are committed to not processing your Personal Data in a way that is incompatible with the purposes described above, unless otherwise required by law or court order.<\/p>\n<p>Your use of the store after the changes means that you have accepted the revised Privacy Policy. If, after reading the revised version, you do not agree with its terms, please terminate your access to the store.<\/p>\n<h3>Section 13 \u2013 Data Protection Officer<\/h3>\n<p>If you wish to exercise any of the rights provided for in this Privacy Policy and\/or Data Protection Laws, including withdrawing your consent, or to resolve any questions related to the Processing of your Personal Data, please contact us at FALECONOSCO@GRUPOVALUE.COM.BR.<\/p>\n<p><!-- \/wp:paragraph --><\/p>\t\t\t\t\t\t\t\t<\/div>\n\t\t\t\t<\/div>\n\t\t\t\t\t<\/div>\n\t\t\t\t<\/div>\n\t\t\t\t<\/div>","protected":false},"excerpt":{"rendered":"<p>Pol\u00edtica de Privacidade &#8211; , pessoa jur\u00eddica de direito privado leva a sua privacidade a s\u00e9rio e zela pela seguran\u00e7a e prote\u00e7\u00e3o de dados de todos os seus clientes, parceiros, fornecedores e usu\u00e1rios do site dom\u00ednio\u00a0 e qualquer outro site, loja ou aplicativo operado pelo lojista. Esta Pol\u00edtica de Privacidade destina-se a inform\u00e1-lo sobre o [&hellip;]<\/p>","protected":false},"author":1,"featured_media":0,"parent":0,"menu_order":0,"comment_status":"closed","ping_status":"closed","template":"elementor_header_footer","meta":{"_acf_changed":false,"_joinchat":[],"footnotes":""},"class_list":["post-3","page","type-page","status-publish","hentry"],"acf":[],"_links":{"self":[{"href":"https:\/\/grupovalue.com.br\/en\/wp-json\/wp\/v2\/pages\/3","targetHints":{"allow":["GET"]}}],"collection":[{"href":"https:\/\/grupovalue.com.br\/en\/wp-json\/wp\/v2\/pages"}],"about":[{"href":"https:\/\/grupovalue.com.br\/en\/wp-json\/wp\/v2\/types\/page"}],"author":[{"embeddable":true,"href":"https:\/\/grupovalue.com.br\/en\/wp-json\/wp\/v2\/users\/1"}],"replies":[{"embeddable":true,"href":"https:\/\/grupovalue.com.br\/en\/wp-json\/wp\/v2\/comments?post=3"}],"version-history":[{"count":10,"href":"https:\/\/grupovalue.com.br\/en\/wp-json\/wp\/v2\/pages\/3\/revisions"}],"predecessor-version":[{"id":2095,"href":"https:\/\/grupovalue.com.br\/en\/wp-json\/wp\/v2\/pages\/3\/revisions\/2095"}],"wp:attachment":[{"href":"https:\/\/grupovalue.com.br\/en\/wp-json\/wp\/v2\/media?parent=3"}],"curies":[{"name":"wp","href":"https:\/\/api.w.org\/{rel}","templated":true}]}}