{"id":123,"date":"2023-05-25T15:25:23","date_gmt":"2023-05-25T18:25:23","guid":{"rendered":"https:\/\/www.grupovalue.com.br\/?page_id=123"},"modified":"2025-08-11T18:26:09","modified_gmt":"2025-08-11T21:26:09","slug":"termos-de-uso","status":"publish","type":"page","link":"https:\/\/grupovalue.com.br\/es\/termos-de-uso\/","title":{"rendered":"Condiciones de uso"},"content":{"rendered":"<div data-elementor-type=\"wp-page\" data-elementor-id=\"123\" class=\"elementor elementor-123\" data-elementor-post-type=\"page\">\n\t\t\t\t<div class=\"elementor-element elementor-element-74be8cf e-flex e-con-boxed e-con e-parent\" data-id=\"74be8cf\" data-element_type=\"container\">\n\t\t\t\t\t<div class=\"e-con-inner\">\n\t\t\t\t<div class=\"elementor-element elementor-element-7054d8d elementor-widget elementor-widget-text-editor\" data-id=\"7054d8d\" data-element_type=\"widget\" data-widget_type=\"text-editor.default\">\n\t\t\t\t<div class=\"elementor-widget-container\">\n\t\t\t\t\t\t\t\t\t<h3><span style=\"color: inherit; font-family: inherit; font-size: 1.75rem;\">CONDICIONES DE USO \u2014 Value Group<\/span><\/h3><p>Grupo Value, una entidad jur\u00eddica privada, describe, a trav\u00e9s de este documento, las reglas para el uso del sitio web y cualquier otro sitio web, tienda o aplicaci\u00f3n operada por el propietario.<\/p><p>Al navegar por este sitio web, consideramos que usted acepta los T\u00e9rminos de uso que se detallan a continuaci\u00f3n.<\/p><p>Si no est\u00e1 de acuerdo con los t\u00e9rminos de este contrato, por favor, no siga utilizando este sitio web ni se registre ni env\u00ede sus datos personales.<\/p><p>Si modificamos nuestras Condiciones de uso, publicaremos el nuevo texto en este sitio web, con la fecha de revisi\u00f3n actualizada. Podemos modificar este documento en cualquier momento. En caso de un cambio significativo en los t\u00e9rminos de este acuerdo, le informaremos a trav\u00e9s de la informaci\u00f3n de contacto que tenemos registrada en nuestra base de datos o mediante notificaciones.<\/p><p>Al utilizar este sitio web tras las modificaciones, usted acepta los T\u00e9rminos de uso revisados. Si, tras leer la versi\u00f3n revisada, no est\u00e1 de acuerdo con sus t\u00e9rminos, le rogamos que cancele su acceso.<\/p><ul><li><h4>Secci\u00f3n 1 \u2013 Usuario<\/h4><p>El uso de este sitio web confiere autom\u00e1ticamente la condici\u00f3n de Usuario e implica la aceptaci\u00f3n plena de todas las directrices y condiciones incluidas en estos T\u00e9rminos.<\/p><\/li><li><h4>Secci\u00f3n 2 \u2013 Acuerdo en conjunto con la Pol\u00edtica de Privacidad<\/h4><p>El uso de este sitio web implica la aceptaci\u00f3n de estos T\u00e9rminos de uso y de la versi\u00f3n m\u00e1s actualizada de la Pol\u00edtica de privacidad de Value Group.<\/p><\/li><li><h4>Secci\u00f3n 3 \u2013 Condiciones de acceso<\/h4><p>En general, el acceso al sitio web de Grupo Value es gratuito y no requiere registro previo.<\/p><p>Sin embargo, para aprovechar algunas funciones, es posible que el usuario deba registrarse, creando una cuenta de usuario con su propio nombre de usuario y contrase\u00f1a para acceder.<\/p><p>Es responsabilidad exclusiva del usuario proporcionar \u00fanicamente informaci\u00f3n correcta, aut\u00e9ntica, v\u00e1lida, completa y actualizada, as\u00ed como no revelar su nombre de usuario y contrase\u00f1a a terceros.<\/p><p>En algunas secciones de este sitio web, los usuarios pueden publicar comentarios. Grupo Value no aprueba la publicaci\u00f3n de contenido discriminatorio, ofensivo, ilegal o que infrinja los derechos de autor o cualquier otro derecho de terceros.<\/p><p>La publicaci\u00f3n de cualquier contenido por parte del usuario de este sitio web, incluyendo mensajes y comentarios, implica una licencia no exclusiva, irrevocable e irretractable para su uso, reproducci\u00f3n y publicaci\u00f3n por parte de Grupo Value en su sitio web, plataformas y aplicaciones de Internet, o incluso en otras plataformas, sin ninguna restricci\u00f3n o limitaci\u00f3n.<\/p><\/li><li><h4>Secci\u00f3n 4 \u2013 Cookies<\/h4><p>Es posible que se recopile informaci\u00f3n sobre su uso de este sitio web mediante cookies. Las cookies son peque\u00f1os archivos de informaci\u00f3n que se almacenan directamente en su ordenador. Permiten recopilar informaci\u00f3n como el tipo de navegador, el tiempo de permanencia en el sitio web, las p\u00e1ginas visitadas, las preferencias de idioma y otros datos de tr\u00e1fico an\u00f3nimos. Nosotros y nuestros proveedores de servicios utilizamos esta informaci\u00f3n para proteger la seguridad, facilitar la navegaci\u00f3n, mostrar la informaci\u00f3n de forma m\u00e1s eficiente y personalizar su experiencia al usar este sitio web, as\u00ed como para el seguimiento en l\u00ednea. Tambi\u00e9n recopilamos informaci\u00f3n estad\u00edstica sobre el uso del sitio web para mejorar continuamente su dise\u00f1o y funcionalidad, comprender c\u00f3mo se utiliza y ayudarle a resolver cualquier problema.<\/p><p>Si no desea que se recopile su informaci\u00f3n mediante cookies, la mayor\u00eda de los navegadores ofrecen un procedimiento sencillo para rechazarlas autom\u00e1ticamente u otorgarle la opci\u00f3n de aceptar o rechazar la transferencia de una o varias cookies espec\u00edficas desde un sitio web determinado a su ordenador. No obstante, esto podr\u00eda resultarle inc\u00f3modo al usar el sitio web.<\/p><p>La configuraci\u00f3n que elija puede afectar su experiencia de navegaci\u00f3n y la funcionalidad que requiere el uso de cookies. En este sentido, rechazamos toda responsabilidad por las consecuencias derivadas de la funcionalidad limitada de este sitio web causada por la desactivaci\u00f3n de las cookies en su dispositivo (imposibilidad de establecer o leer una cookie).<\/p><\/li><li><h4>Secci\u00f3n 5 \u2013 Propiedad intelectual<\/h4><p>Todos los elementos de Grupo Value son propiedad intelectual de Grupo Value o de sus licenciantes. Estas Condiciones o el uso del sitio web no le otorgan ninguna licencia ni derecho a utilizar los derechos de propiedad intelectual de Grupo Value ni de terceros.<\/p><\/li><li><h4>Secci\u00f3n 6 \u2013 Enlaces a sitios web de terceros<\/h4><p>Este sitio web puede contener, ocasionalmente, enlaces que le redirigir\u00e1n a sitios web de nuestros socios, anunciantes, proveedores, etc. Si hace clic en alguno de estos enlaces, tenga en cuenta que cada sitio tiene sus propias pol\u00edticas de privacidad y no nos hacemos responsables de ellas. Consulte dichas pol\u00edticas antes de proporcionar datos personales a esos sitios.<\/p><p>No nos hacemos responsables de las pol\u00edticas y pr\u00e1cticas de recopilaci\u00f3n, uso y divulgaci\u00f3n de datos (incluidas las pr\u00e1cticas de protecci\u00f3n de datos) de otras organizaciones, como Facebook, Apple, Google, Microsoft, ni de ning\u00fan otro desarrollador de software o proveedor de aplicaciones, tienda de redes sociales, sistema operativo, proveedor de servicios de internet inal\u00e1mbrico o fabricante de dispositivos, incluidos todos los datos personales que usted divulgue a otras organizaciones a trav\u00e9s de aplicaciones, relacionados con dichas aplicaciones o publicados en nuestras p\u00e1ginas de redes sociales. Le recomendamos que revise la pol\u00edtica de privacidad y los t\u00e9rminos de uso de cada sitio web que visite o de cada proveedor de servicios que utilice.<\/p><\/li><li><h4>Secci\u00f3n 7 \u2013 Plazos y cambios<\/h4><p>Este sitio web estar\u00e1 operativo por tiempo indefinido.<\/p><p>El sitio web, en su totalidad o en cualquiera de sus secciones, podr\u00e1 ser cancelado, suspendido o interrumpido unilateralmente por Grupo Value en cualquier momento y sin previo aviso.<\/p><\/li><li><h4>Secci\u00f3n 8 \u2013 Datos personales<\/h4><p>Durante el uso de este sitio web, Grupo Value y\/o sus socios recopilar\u00e1n y tratar\u00e1n ciertos datos personales. Las normas relativas al tratamiento de datos personales por parte de Grupo Value se estipulan en la Pol\u00edtica de Privacidad.<\/p><\/li><li><h4>Secci\u00f3n 9 \u2013 Contacto<\/h4><p>Si tiene alguna pregunta sobre los T\u00e9rminos de uso, p\u00f3ngase en contacto con nosotros por correo electr\u00f3nico a FALECONOSCO@GRUPOVALUE.COM.BR.<\/p><\/li><\/ul>\t\t\t\t\t\t\t\t<\/div>\n\t\t\t\t<\/div>\n\t\t\t\t\t<\/div>\n\t\t\t\t<\/div>\n\t\t\t\t<\/div>","protected":false},"excerpt":{"rendered":"<p>TERMOS DE USO \u2014 , pessoa jur\u00eddica de direito privado descreve, atrav\u00e9s deste documento, as regras de uso do site\u00a0 e qualquer outro site, loja ou aplicativo operado pelo propriet\u00e1rio. Ao navegar neste website, consideramos que voc\u00ea est\u00e1 de acordo com os Termos de Uso abaixo. Caso voc\u00ea n\u00e3o esteja de acordo com as condi\u00e7\u00f5es [&hellip;]<\/p>","protected":false},"author":1,"featured_media":0,"parent":0,"menu_order":0,"comment_status":"closed","ping_status":"closed","template":"elementor_header_footer","meta":{"_acf_changed":false,"_joinchat":[],"footnotes":""},"class_list":["post-123","page","type-page","status-publish","hentry"],"acf":[],"_links":{"self":[{"href":"https:\/\/grupovalue.com.br\/es\/wp-json\/wp\/v2\/pages\/123","targetHints":{"allow":["GET"]}}],"collection":[{"href":"https:\/\/grupovalue.com.br\/es\/wp-json\/wp\/v2\/pages"}],"about":[{"href":"https:\/\/grupovalue.com.br\/es\/wp-json\/wp\/v2\/types\/page"}],"author":[{"embeddable":true,"href":"https:\/\/grupovalue.com.br\/es\/wp-json\/wp\/v2\/users\/1"}],"replies":[{"embeddable":true,"href":"https:\/\/grupovalue.com.br\/es\/wp-json\/wp\/v2\/comments?post=123"}],"version-history":[{"count":7,"href":"https:\/\/grupovalue.com.br\/es\/wp-json\/wp\/v2\/pages\/123\/revisions"}],"predecessor-version":[{"id":2100,"href":"https:\/\/grupovalue.com.br\/es\/wp-json\/wp\/v2\/pages\/123\/revisions\/2100"}],"wp:attachment":[{"href":"https:\/\/grupovalue.com.br\/es\/wp-json\/wp\/v2\/media?parent=123"}],"curies":[{"name":"wp","href":"https:\/\/api.w.org\/{rel}","templated":true}]}}