{"id":3,"date":"2023-05-03T01:24:49","date_gmt":"2023-05-03T04:24:49","guid":{"rendered":"https:\/\/www.grupovalue.com.br\/?page_id=3"},"modified":"2025-08-11T18:24:51","modified_gmt":"2025-08-11T21:24:51","slug":"politica-de-privacidade","status":"publish","type":"page","link":"https:\/\/grupovalue.com.br\/es\/politica-de-privacidade\/","title":{"rendered":"Pol\u00edtica de Privacidade"},"content":{"rendered":"<div data-elementor-type=\"wp-page\" data-elementor-id=\"3\" class=\"elementor elementor-3\" data-elementor-post-type=\"page\">\n\t\t\t\t<div class=\"elementor-element elementor-element-f9354d8 e-flex e-con-boxed e-con e-parent\" data-id=\"f9354d8\" data-element_type=\"container\">\n\t\t\t\t\t<div class=\"e-con-inner\">\n\t\t\t\t<div class=\"elementor-element elementor-element-d837148 elementor-widget elementor-widget-text-editor\" data-id=\"d837148\" data-element_type=\"widget\" data-widget_type=\"text-editor.default\">\n\t\t\t\t<div class=\"elementor-widget-container\">\n\t\t\t\t\t\t\t\t\t<h2>Pol\u00edtica de privacidad \u2013 Value Group<\/h2>\n<p>Grupo Value, una entidad jur\u00eddica privada, se toma muy en serio su privacidad y est\u00e1 comprometida con la seguridad y protecci\u00f3n de datos de todos sus clientes, socios, proveedores y usuarios del sitio web del dominio y de cualquier otro sitio web, tienda o aplicaci\u00f3n operada por el comerciante.<\/p>\n<p>Esta Pol\u00edtica de Privacidad tiene como objetivo informarle sobre c\u00f3mo utilizamos y divulgamos la informaci\u00f3n recopilada de sus visitas a nuestra tienda y de los mensajes que intercambiamos con usted.<\/p>\n<p>Esta Pol\u00edtica de Privacidad se aplica \u00fanicamente a la informaci\u00f3n recopilada a trav\u00e9s de la tienda.<\/p>\n<p><strong>Al acceder a la tienda, enviar comunicaciones o proporcionar cualquier tipo de datos personales, usted declara que conoce los t\u00e9rminos aqu\u00ed establecidos y acepta la Pol\u00edtica de Privacidad, que describe los fines y m\u00e9todos de tratamiento de sus datos personales que usted proporciona en la tienda.<\/strong><\/p>\n<p>Esta Pol\u00edtica de Privacidad ofrece una visi\u00f3n general de nuestras pr\u00e1cticas de privacidad y las opciones que tiene, as\u00ed como los derechos que puede ejercer con respecto a los Datos Personales que procesamos. Si tiene alguna pregunta sobre el uso de Datos Personales, p\u00f3ngase en contacto con FALECONOSCO@GRUPOVALUE.COM.BR.\u00a0<\/p>\n<p>Adem\u00e1s, esta Pol\u00edtica de Privacidad no se aplica a aplicaciones, productos, servicios, sitios web ni funciones de redes sociales de terceros que puedan ofrecerse o a los que se pueda acceder a trav\u00e9s de la tienda. Al acceder a estos enlaces, abandonar\u00e1 nuestro sitio web y podr\u00eda resultar en la recopilaci\u00f3n o el intercambio de su informaci\u00f3n por parte de terceros. No controlamos, respaldamos ni hacemos ninguna declaraci\u00f3n sobre los sitios web de terceros ni sus pr\u00e1cticas de privacidad, que pueden diferir de las nuestras. Le recomendamos que revise la pol\u00edtica de privacidad de cualquier sitio web con el que interact\u00fae antes de permitir la recopilaci\u00f3n y el uso de sus datos personales.<\/p>\n<p>Si nos env\u00eda datos personales relativos a otras personas, declara que tiene capacidad para hacerlo y que ha obtenido el consentimiento necesario para autorizar el uso de dicha informaci\u00f3n en virtud de los t\u00e9rminos de esta Pol\u00edtica de Privacidad.<\/p>\n<h3>Secci\u00f3n 1 \u2013 Definiciones<\/h3>\n<p>A los efectos de esta Pol\u00edtica de Privacidad:<\/p>\n<ol>\n<li>&#8220;<strong>Datos personales<\/strong>&quot;: significa cualquier informaci\u00f3n que, directa o indirectamente, identifique o pueda identificar a una persona f\u00edsica, como por ejemplo nombre, CPF (n\u00famero de identificaci\u00f3n fiscal brasile\u00f1o), fecha de nacimiento, direcci\u00f3n IP, entre otros;<\/li>\n<li>&#8220;<strong>Datos personales sensibles<\/strong>&quot;: significa cualquier informaci\u00f3n que revele, en relaci\u00f3n con una persona f\u00edsica, el origen racial o \u00e9tnico, las creencias religiosas, las opiniones pol\u00edticas, la pertenencia a un sindicato o a una organizaci\u00f3n religiosa, filos\u00f3fica o pol\u00edtica, datos relativos a la salud o la vida sexual, datos gen\u00e9ticos o biom\u00e9tricos;<\/li>\n<li>&#8220;<strong>Tratamiento de datos personales<\/strong>\u00ab: significa cualquier operaci\u00f3n realizada sobre datos personales, ya sea por medios automatizados o no, como la recogida, el registro, la organizaci\u00f3n, la estructuraci\u00f3n, el almacenamiento, la adaptaci\u00f3n o la modificaci\u00f3n, la recuperaci\u00f3n, la consulta, el uso, la divulgaci\u00f3n por transmisi\u00f3n, la difusi\u00f3n o cualquier otra forma de puesta a disposici\u00f3n, la alineaci\u00f3n o la combinaci\u00f3n, la restricci\u00f3n, la supresi\u00f3n o la destrucci\u00f3n. Cualquier otra operaci\u00f3n prevista en la legislaci\u00f3n aplicable tambi\u00e9n se considera tratamiento de datos personales.\u00bb<\/li>\n<li>&#8220;<strong>Leyes de protecci\u00f3n de datos<\/strong>&quot;: significa todas las disposiciones legales que regulan el Tratamiento de Datos Personales, incluyendo, pero no limit\u00e1ndose a, la Ley N\u00b0 13.709\/18, la Ley General de Protecci\u00f3n de Datos Personales.&quot;<strong>LGPD<\/strong>&#8220;).<\/li>\n<\/ol>\n<h3>Secci\u00f3n 2 \u2013 Uso de datos personales<\/h3>\n<p>Recopilamos y utilizamos datos personales para gestionar su relaci\u00f3n con nosotros y ofrecerle un mejor servicio al comprar productos o servicios en la tienda, personalizando y mejorando su experiencia. Algunos ejemplos de c\u00f3mo utilizamos los datos son:<\/p>\n<ol>\n<li>Para que usted pueda adquirir productos y\/o servicios en la tienda;<\/li>\n<li>Para confirmar o corregir la informaci\u00f3n que tenemos sobre usted;<\/li>\n<li>Para enviarle informaci\u00f3n que creemos que puede ser de su inter\u00e9s;<\/li>\n<li>Para personalizar tu experiencia al usar la tienda;<\/li>\n<li>Para contactarle a trav\u00e9s del n\u00famero de tel\u00e9fono o la direcci\u00f3n de correo electr\u00f3nico que nos haya proporcionado. Podremos contactarle personalmente, mediante mensaje de voz, sistema de marcaci\u00f3n autom\u00e1tica, mensaje de texto (SMS), correo electr\u00f3nico o cualquier otro medio de comunicaci\u00f3n que su dispositivo pueda recibir, de conformidad con la ley y para fines comerciales leg\u00edtimos.<\/li>\n<\/ol>\n<p>Adem\u00e1s, los datos personales facilitados podr\u00e1n utilizarse de cualquier otra forma que consideremos necesaria o apropiada:\u00a0<strong>(el)<\/strong>\u00a0de conformidad con las leyes de protecci\u00f3n de datos;\u00a0<strong>(b)<\/strong>\u00a0para cumplir con los requisitos de un proceso judicial;\u00a0<strong>(w)<\/strong>\u00a0para cumplir con una orden judicial, una decisi\u00f3n regulatoria o una decisi\u00f3n de las autoridades competentes, incluidas las autoridades fuera del pa\u00eds de residencia;\u00a0<strong>(d)<\/strong>\u00a0para aplicar nuestros T\u00e9rminos y Condiciones de Uso;\u00a0<strong>(y)<\/strong>\u00a0para proteger nuestras operaciones;\u00a0<strong>(F)<\/strong>\u00a0para proteger nuestros derechos, privacidad y seguridad, as\u00ed como los de los dem\u00e1s;\u00a0<strong>(gramo)<\/strong>\u00a0detectar y prevenir el fraude;\u00a0<strong>(h)<\/strong>\u00a0para permitirnos utilizar los recursos disponibles o limitar los da\u00f1os que podamos sufrir; y (i) de otras maneras permitidas por la ley.<\/p>\n<h3>Secci\u00f3n 3 \u2013 No suministro de datos personales<\/h3>\n<p>No est\u00e1 obligado a compartir los datos personales que le solicitamos. Sin embargo, si decide no compartirlos, en algunos casos es posible que no podamos brindarle acceso completo a la tienda, a ciertas funciones especializadas, ni proporcionarle la asistencia necesaria, ni siquiera entregarle el producto o prestarle el servicio que ha contratado.<\/p>\n<h3>Secci\u00f3n 4 \u2013 Datos recopilados<\/h3>\n<p>El p\u00fablico general puede navegar por la tienda sin necesidad de registrarse ni proporcionar datos personales. Sin embargo, algunas funcionalidades de la tienda pueden requerir el registro y la aportaci\u00f3n de datos personales, como completar la compra\/contrataci\u00f3n del servicio o permitir la entrega del producto\/prestaci\u00f3n del servicio por nuestra parte.<\/p>\n<p>Al contactar con la tienda, podemos recopilar:<\/p>\n<ol>\n<li><strong>Informaci\u00f3n del contacto:<\/strong>\u00a0Nombre, apellido, n\u00famero de tel\u00e9fono, direcci\u00f3n, ciudad, estado y direcci\u00f3n de correo electr\u00f3nico;<\/li>\n<li><strong>Informaci\u00f3n enviada:<\/strong>\u00a0Informaci\u00f3n que usted env\u00eda a trav\u00e9s del formulario (preguntas, quejas, sugerencias, cr\u00edticas, elogios, etc.).<\/li>\n<\/ol>\n<p>Durante la navegaci\u00f3n general en la tienda, podemos recopilar:<\/p>\n<ol>\n<li><strong>Datos de ubicaci\u00f3n:<\/strong>\u00a0Datos de geolocalizaci\u00f3n al acceder a la tienda;<\/li>\n<li><strong>Preferencias:<\/strong>\u00a0Informaci\u00f3n sobre sus preferencias e intereses en relaci\u00f3n con productos\/servicios (cuando usted nos indica cu\u00e1les son o cuando los deducimos a partir de lo que sabemos sobre usted);<\/li>\n<li><strong>Almacenar datos de navegaci\u00f3n:<\/strong>\u00a0Informaci\u00f3n sobre sus visitas y actividades, incluyendo el contenido (y cualquier anuncio) que ve e interact\u00faa, informaci\u00f3n sobre el navegador y el dispositivo que utiliza, su direcci\u00f3n IP, su ubicaci\u00f3n y la direcci\u00f3n del sitio web desde el que accedi\u00f3. Parte de esta informaci\u00f3n se recopila mediante nuestras herramientas de recopilaci\u00f3n autom\u00e1tica de datos, que incluyen cookies, balizas web y enlaces web integrados. Para obtener m\u00e1s informaci\u00f3n, consulte la secci\u00f3n 7 a continuaci\u00f3n, donde se explica c\u00f3mo utilizamos las herramientas de recopilaci\u00f3n autom\u00e1tica de datos.<\/li>\n<li><strong>Datos an\u00f3nimos o agregados:<\/strong>\u00a0Respuestas an\u00f3nimas a encuestas o informaci\u00f3n an\u00f3nima y agregada sobre c\u00f3mo se utiliza la tienda. Durante nuestras operaciones, en ciertos casos, aplicamos un proceso de desidentificaci\u00f3n o pseudonimizaci\u00f3n a sus datos para que sea razonablemente improbable que pueda ser identificado mediante el uso de estos datos con la tecnolog\u00eda disponible;<\/li>\n<li><strong>Otra informaci\u00f3n que podemos recopilar:<\/strong>\u00a0Informaci\u00f3n que no revela espec\u00edficamente su identidad o que no est\u00e1 directamente relacionada con un individuo, como informaci\u00f3n del navegador y del dispositivo; datos de uso de la tienda; e informaci\u00f3n recopilada a trav\u00e9s de cookies, etiquetas de p\u00edxeles y otras tecnolog\u00edas.<\/li>\n<\/ol>\n<p>No recopilamos datos personales sensibles.<\/p>\n<h3>Secci\u00f3n 5 \u2013 Compartir datos personales con terceros<\/h3>\n<p>Podemos compartir sus datos personales con usted:<\/p>\n<ol>\n<li>Con la(s) empresa(s) asociada(s) que usted seleccione o elija enviar sus datos, preguntas, consultas, etc., as\u00ed como con proveedores de servicios o socios para gestionar o respaldar ciertos aspectos de nuestras operaciones comerciales en nuestro nombre. Estos proveedores de servicios o socios pueden estar ubicados en los Estados Unidos, Argentina, Brasil u otras ubicaciones globales, incluidos servidores para pruebas y producci\u00f3n, y proveedores de servicios de alojamiento y almacenamiento de datos, gesti\u00f3n de fraudes, atenci\u00f3n al cliente, ventas en nuestro nombre, cumplimiento de pedidos, personalizaci\u00f3n de contenido, actividades de publicidad y marketing (incluida la publicidad digital y personalizada) y servicios de TI, por ejemplo;<\/li>\n<li>Con terceros, con el objetivo de ayudarnos a gestionar la tienda;<\/li>\n<li>Con terceros, en caso de reorganizaci\u00f3n, fusi\u00f3n, venta, empresa conjunta, cesi\u00f3n, transferencia o transmisi\u00f3n de la totalidad o parte de nuestro negocio, activos o capital (incluidos los relacionados con la quiebra o procedimientos similares).<\/li>\n<\/ol>\n<h3>Secci\u00f3n 6 \u2013 Transferencias internacionales de datos<\/h3>\n<p>Los datos personales y otra informaci\u00f3n que recopilamos pueden ser transferidos o consultados por entidades pertenecientes al grupo corporativo de empresas asociadas en todo el mundo de conformidad con esta Pol\u00edtica de Privacidad.<\/p>\n<h3>Secci\u00f3n 7 \u2013 Recopilaci\u00f3n autom\u00e1tica de datos personales<\/h3>\n<p>Cuando visitas la tienda, esta puede almacenar o recuperar informaci\u00f3n en tu navegador, principalmente en forma de cookies, que son archivos de texto que contienen peque\u00f1as cantidades de informaci\u00f3n. Esta informaci\u00f3n puede ser sobre ti, tus preferencias o tu dispositivo, y se utiliza principalmente para que la tienda funcione como esperas. Normalmente, la informaci\u00f3n no te identifica directamente, pero puede ofrecerte una experiencia en l\u00ednea m\u00e1s personalizada.<\/p>\n<p>De acuerdo con esta Pol\u00edtica de Privacidad, nosotros y nuestros proveedores de servicios externos, con su consentimiento, podemos recopilar sus Datos Personales de diversas maneras, incluyendo, entre otras:<\/p>\n<ol>\n<li><strong>A trav\u00e9s del navegador o dispositivo:<\/strong>\u00a0La mayor\u00eda de los navegadores o los dispositivos con acceso a internet recopilan cierta informaci\u00f3n, como el tipo de ordenador, la resoluci\u00f3n de pantalla, el nombre y la versi\u00f3n del sistema operativo, el modelo y el fabricante del dispositivo, el idioma y el tipo y la versi\u00f3n del navegador que utiliza. Podemos usar esta informaci\u00f3n para garantizar el correcto funcionamiento de la tienda.<\/li>\n<li><strong>Uso de cookies:<\/strong>\u00a0Es posible que terceros recopilen informaci\u00f3n sobre su uso de la tienda mediante cookies. Las cookies son archivos que se almacenan directamente en su ordenador. Permiten recopilar informaci\u00f3n como el tipo de navegador, el tiempo de permanencia en la tienda, las p\u00e1ginas visitadas, las preferencias de idioma y otros datos de tr\u00e1fico an\u00f3nimos. Nosotros y nuestros proveedores de servicios utilizamos esta informaci\u00f3n para proteger la seguridad, facilitar la navegaci\u00f3n, mostrar la informaci\u00f3n de forma m\u00e1s eficiente y personalizar su experiencia en la tienda, as\u00ed como para el seguimiento en l\u00ednea. Tambi\u00e9n recopilamos informaci\u00f3n estad\u00edstica sobre el uso de la tienda para mejorar continuamente su dise\u00f1o y funcionalidad, comprender c\u00f3mo se utiliza y ayudarle a resolver cualquier problema relacionado con ella.\n<p>Si no desea que se recopile su informaci\u00f3n mediante cookies, la mayor\u00eda de los navegadores ofrecen un procedimiento sencillo para rechazarlas autom\u00e1ticamente u otorgarle la opci\u00f3n de aceptar o rechazar la transferencia de una o varias cookies espec\u00edficas desde un sitio web determinado a su ordenador. No obstante, esto podr\u00eda resultarle inc\u00f3modo al usar la tienda.<\/p>\n<p>La configuraci\u00f3n que elija puede afectar su experiencia de navegaci\u00f3n y la funcionalidad que requiere el uso de cookies. En este sentido, rechazamos toda responsabilidad por las consecuencias derivadas del funcionamiento limitado de la tienda causado por la desactivaci\u00f3n de las cookies en su dispositivo (imposibilidad de establecer o leer una cookie).<\/p>\n<\/li>\n<li><strong>Uso de etiquetas de p\u00edxeles y otras tecnolog\u00edas similares:<\/strong>\u00a0Las etiquetas de p\u00edxel (tambi\u00e9n conocidas como balizas web o GIF invisibles) pueden utilizarse para rastrear las acciones de los usuarios de la tienda (incluidos los destinatarios de correo electr\u00f3nico), medir el \u00e9xito de nuestras campa\u00f1as de marketing y recopilar datos estad\u00edsticos sobre el uso de la tienda y las tasas de respuesta, as\u00ed como para otros fines no especificados. Podemos contratar empresas de publicidad conductual para obtener informes sobre los anuncios de la tienda en internet. Para ello, estas empresas utilizan cookies, etiquetas de p\u00edxel y otras tecnolog\u00edas para recopilar informaci\u00f3n sobre su uso, o el uso, de nuestra tienda y de sitios web de terceros por parte de otros usuarios. No nos hacemos responsables de las etiquetas de p\u00edxel, las cookies ni otras tecnolog\u00edas similares utilizadas por terceros.<\/li>\n<\/ol>\n<h3>Secci\u00f3n 8 \u2013 Categor\u00edas de cookies<\/h3>\n<p>Las cookies utilizadas en nuestra tienda cumplen con los requisitos legales y se clasifican en las siguientes categor\u00edas:<\/p>\n<ol>\n<li><strong>Estrictamente necesario:<\/strong>\u00a0Estas cookies te permiten navegar por el sitio web y disfrutar de sus funciones esenciales de forma segura. Un ejemplo son las cookies de seguridad, que autentican a los usuarios, protegen sus datos y evitan la creaci\u00f3n de cuentas fraudulentas.<\/li>\n<li><strong>Actuaci\u00f3n:<\/strong>\u00a0Las cookies de esta categor\u00eda recopilan informaci\u00f3n de forma cifrada y an\u00f3nima sobre nuestra tienda online, como el n\u00famero de visitantes a una p\u00e1gina concreta, la procedencia de las visitas y las p\u00e1ginas visitadas. Todos los datos recopilados se utilizan exclusivamente para mejorar el sitio web y medir la eficacia de nuestra comunicaci\u00f3n.<\/li>\n<li><strong>Funcionalidad:<\/strong>\u00a0Estas cookies se utilizan para recordar las preferencias del usuario con el fin de mejorar su visita a nuestro sitio web, como la configuraci\u00f3n aplicada al dise\u00f1o del sitio web o sus respuestas a las ventanas emergentes promocionales y de registro; de esta manera, no ser\u00e1 necesario preguntarle numerosas veces.<\/li>\n<li><strong>Publicidad:<\/strong>\u00a0Utilizamos cookies para crear campa\u00f1as dirigidas y ofrecer anuncios basados en su perfil de compra en nuestra tienda online.<\/li>\n<\/ol>\n<h3>Secci\u00f3n 9 \u2013 Derechos del usuario<\/h3>\n<p>Puedes solicitarlo en cualquier momento:\u00a0<strong>(i)<\/strong>\u00a0Confirmaci\u00f3n de que sus datos personales est\u00e1n siendo procesados;\u00a0<strong>(ii)<\/strong>\u00a0Acceso a sus datos personales;\u00a0<strong>(iii)<\/strong>\u00a0correcciones a datos incompletos, inexactos o desactualizados; (iv) anonimizaci\u00f3n, bloqueo o eliminaci\u00f3n de datos innecesarios, excesivos o procesados ilegalmente;\u00a0<strong>(v)<\/strong>\u00a0Portabilidad de datos personales a otro proveedor de servicios, siempre que ello no afecte a nuestros secretos industriales y comerciales;\u00a0<strong>(vi)<\/strong>\u00a0Eliminaci\u00f3n de los datos personales tratados con su consentimiento, en la medida permitida por la ley;\u00a0<strong>(vii)<\/strong>\u00a0Informaci\u00f3n sobre las entidades con las que se han compartido sus datos personales;\u00a0<strong>(viii)<\/strong>\u00a0informaci\u00f3n sobre la posibilidad de no dar el consentimiento y sobre las consecuencias de la negativa; y\u00a0<strong>(ix)<\/strong>\u00a0Revocaci\u00f3n del consentimiento. Sus solicitudes se tramitar\u00e1n con especial atenci\u00f3n para garantizar la efectividad de sus derechos. Es posible que se le solicite que acredite su identidad para asegurar que los datos personales solo se compartan con su titular.<\/p>\n<p>Tenga en cuenta que, en ciertos casos (por ejemplo, debido a requisitos legales), su solicitud puede no ser atendida de inmediato, y tambi\u00e9n es posible que no podamos atenderla debido a obligaciones legales.<\/p>\n<h3>Secci\u00f3n 10 \u2013 Seguridad de los datos personales<\/h3>\n<p>Nos esforzamos por adoptar las medidas t\u00e9cnicas y organizativas estipuladas por la normativa vigente en materia de protecci\u00f3n de datos para proteger los datos personales dentro de nuestra organizaci\u00f3n. Lamentablemente, ning\u00fan sistema de transmisi\u00f3n o almacenamiento de datos puede garantizar una seguridad del 100%. Si tiene motivos para creer que su interacci\u00f3n con nosotros se ha vuelto insegura (por ejemplo, si cree que la seguridad de alguna de sus cuentas se ha visto comprometida), notif\u00edquenoslo de inmediato.<\/p>\n<h3>Secci\u00f3n 11 \u2013 Enlaces de hipertexto a otros sitios web y redes sociales<\/h3>\n<p>La tienda puede contener, ocasionalmente, enlaces que le redirigir\u00e1n a sitios web de nuestros socios, anunciantes, proveedores, etc. Si hace clic en alguno de estos enlaces, tenga en cuenta que cada sitio web tiene sus propias pol\u00edticas de privacidad y no nos hacemos responsables de ellas. Consulte dichas pol\u00edticas antes de proporcionar datos personales a esos sitios web.<\/p>\n<p>No nos hacemos responsables de las pol\u00edticas y pr\u00e1cticas de recopilaci\u00f3n, uso y divulgaci\u00f3n de datos (incluidas las pr\u00e1cticas de protecci\u00f3n de datos) de otras organizaciones, como Facebook, Apple, Google, Microsoft, ni de ning\u00fan otro desarrollador de software o proveedor de aplicaciones, tienda de redes sociales, sistema operativo, proveedor de servicios de internet inal\u00e1mbrico o fabricante de dispositivos, incluidos todos los datos personales que usted divulgue a otras organizaciones a trav\u00e9s de aplicaciones, relacionados con dichas aplicaciones o publicados en nuestras p\u00e1ginas de redes sociales. Le recomendamos que revise la pol\u00edtica de privacidad de cada sitio web que visite o de cada proveedor de servicios que utilice.<\/p>\n<h3>Secci\u00f3n 12 \u2013 Actualizaciones de esta Pol\u00edtica de Privacidad<\/h3>\n<p>Si modificamos nuestra Pol\u00edtica de Privacidad, publicaremos el nuevo texto en la tienda, con la fecha de revisi\u00f3n actualizada. Podemos cambiar esta Pol\u00edtica de Privacidad en cualquier momento. Si se produce un cambio significativo en los t\u00e9rminos de esta Pol\u00edtica de Privacidad, le informaremos a trav\u00e9s de la informaci\u00f3n de contacto que tenemos en nuestra base de datos o mediante una notificaci\u00f3n en nuestra tienda.<\/p>\n<p>Le recordamos que nos comprometemos a no procesar sus Datos Personales de una manera incompatible con los fines descritos anteriormente, a menos que as\u00ed lo exija la ley o una orden judicial.<\/p>\n<p>El uso de la tienda tras los cambios implica la aceptaci\u00f3n de la Pol\u00edtica de Privacidad revisada. Si, tras leer la versi\u00f3n revisada, no est\u00e1 de acuerdo con sus t\u00e9rminos, le rogamos que cancele su acceso a la tienda.<\/p>\n<h3>Secci\u00f3n 13 \u2013 Responsable de Protecci\u00f3n de Datos<\/h3>\n<p>Si desea ejercer alguno de los derechos previstos en esta Pol\u00edtica de Privacidad y\/o en las Leyes de Protecci\u00f3n de Datos, incluido el retiro de su consentimiento, o para resolver cualquier duda relacionada con el Tratamiento de sus Datos Personales, p\u00f3ngase en contacto con nosotros en FALECONOSCO@GRUPOVALUE.COM.BR.<\/p>\n<p><!-- \/wp:paragraph --><\/p>\t\t\t\t\t\t\t\t<\/div>\n\t\t\t\t<\/div>\n\t\t\t\t\t<\/div>\n\t\t\t\t<\/div>\n\t\t\t\t<\/div>","protected":false},"excerpt":{"rendered":"<p>Pol\u00edtica de Privacidade &#8211; , pessoa jur\u00eddica de direito privado leva a sua privacidade a s\u00e9rio e zela pela seguran\u00e7a e prote\u00e7\u00e3o de dados de todos os seus clientes, parceiros, fornecedores e usu\u00e1rios do site dom\u00ednio\u00a0 e qualquer outro site, loja ou aplicativo operado pelo lojista. Esta Pol\u00edtica de Privacidade destina-se a inform\u00e1-lo sobre o [&hellip;]<\/p>","protected":false},"author":1,"featured_media":0,"parent":0,"menu_order":0,"comment_status":"closed","ping_status":"closed","template":"elementor_header_footer","meta":{"_acf_changed":false,"_joinchat":[],"footnotes":""},"class_list":["post-3","page","type-page","status-publish","hentry"],"acf":[],"_links":{"self":[{"href":"https:\/\/grupovalue.com.br\/es\/wp-json\/wp\/v2\/pages\/3","targetHints":{"allow":["GET"]}}],"collection":[{"href":"https:\/\/grupovalue.com.br\/es\/wp-json\/wp\/v2\/pages"}],"about":[{"href":"https:\/\/grupovalue.com.br\/es\/wp-json\/wp\/v2\/types\/page"}],"author":[{"embeddable":true,"href":"https:\/\/grupovalue.com.br\/es\/wp-json\/wp\/v2\/users\/1"}],"replies":[{"embeddable":true,"href":"https:\/\/grupovalue.com.br\/es\/wp-json\/wp\/v2\/comments?post=3"}],"version-history":[{"count":10,"href":"https:\/\/grupovalue.com.br\/es\/wp-json\/wp\/v2\/pages\/3\/revisions"}],"predecessor-version":[{"id":2095,"href":"https:\/\/grupovalue.com.br\/es\/wp-json\/wp\/v2\/pages\/3\/revisions\/2095"}],"wp:attachment":[{"href":"https:\/\/grupovalue.com.br\/es\/wp-json\/wp\/v2\/media?parent=3"}],"curies":[{"name":"wp","href":"https:\/\/api.w.org\/{rel}","templated":true}]}}